{"id":2398,"date":"2012-12-04T17:53:50","date_gmt":"2012-12-04T17:53:50","guid":{"rendered":"http:\/\/theme-fusion.com\/avada\/?page_id=2398"},"modified":"2015-05-07T15:03:11","modified_gmt":"2015-05-07T21:03:11","slug":"home-version-7","status":"publish","type":"page","link":"https:\/\/metamindvisual.com\/blog\/","title":{"rendered":"Home"},"content":{"rendered":"<p style=\"text-align: left;\"><div class=\"demo-sep sep-none\" style=\"margin-top:40px;\"><\/div> <style type='text\/css'>\n\t\t#content-boxes-1 article.col{background-color:transparent !important;}\n\t\t#content-boxes-1 .fontawesome-icon.circle-yes{color:#ffffff !important;background-color:#3e3e3e !important;border-color: #3e3e3e !important;}\n\t\t<\/style><section class=\"clearfix columns content-boxes content-boxes-icon-with-title columns-3\" id=\"content-boxes-1\">\n<article class=\"col\"><div class=\"heading heading-and-icon\"><i class=\"fontawesome-icon medium circle-yes icon-eye-open\" ><\/i><h2>Visualismo<\/h2><\/div><div class=\"col-content-container \">Nos especializamos en live visual performance, video mapping, instalaciones interactivas, motion graphics, visual branding y direcci\u00f3n creativa.<span class=\"more\"><a href=\"https:\/\/www.metamindvisual.com\/blog\/servicios\/\" target=\"_self\">M\u00e1s<\/a><\/span><\/div><\/article>\n<article class=\"col\"><div class=\"heading heading-and-icon\"><i class=\"fontawesome-icon medium circle-yes icon-file-alt\" ><\/i><h2>Experiencia<\/h2><\/div><div class=\"col-content-container \">M\u00e1s de 6 a\u00f1os desarrollando proyectos en el \u00e1mbito art\u00edstico y comercial, procurando explorar nuevas posibilidades y nuevas experiencias.<span class=\"more\"><a href=\"https:\/\/dl.dropboxusercontent.com\/u\/1204093\/Curriculum%20Vitae%20-%20Metamind%20Visual.pdf\" target=\"_self\">Curriculum<\/a><\/span><\/div><\/article>\n<article class=\"col last\"><div class=\"heading heading-and-icon\"><i class=\"fontawesome-icon medium circle-yes icon-plane\" ><\/i><h2>Trayectoria<\/h2><\/div><div class=\"col-content-container \">Reconocida trayectoria art\u00edstica en el campo del &#8220;visualismo&#8221;, tanto a nivel nacional como internacional.<span class=\"more\"><a href=\"https:\/\/dl.dropboxusercontent.com\/u\/1204093\/Nacion.pdf\" target=\"_self\">Art\u00edculo<\/a><\/span><\/div><\/article>\n<\/section> <div class=\"demo-sep sep-none\" style=\"margin-top:-10px;\"><\/div>\n<div class=\"title\"><h2>Nuestros trabajos m\u00e1s recientes<\/h2><div class=\"title-sep-container\"><div class=\"title-sep\"><\/div><\/div><\/div><div class=\"recent-works-carousel related-posts related-projects\"><div id=\"carousel\" class=\"es-carousel-wrapper\"><div class=\"es-carousel\"><ul class=\"\"><li><div class=\"image\" aria-haspopup=\"true\"><img loading=\"lazy\" decoding=\"async\" width=\"180\" height=\"138\" src=\"https:\/\/metamindvisual.com\/blog\/wp-content\/uploads\/2015\/04\/cover4-180x138.jpg\" class=\"attachment-related-img size-related-img wp-post-image\" alt=\"\" data-wp-pid=\"4848\" \/><div class=\"image-extras\"><div class=\"image-extras-content\"><a style=\"display:inline-block;\" class=\"icon link-icon\" style=\"margin-right:3px;\" href=\"https:\/\/metamindvisual.com\/blog\/portfolio-items\/luip-event-2\/\">Permalink<\/a><a style=\"display:inline-block;\" class=\"icon gallery-icon\" href=\"https:\/\/metamindvisual.com\/blog\/wp-content\/uploads\/2015\/04\/cover4.jpg\" rel=\"prettyPhoto[gallery_recent_1]\">Gallery<\/a><h3 class=\"entry-title\">LUIP event<\/h3><\/div>\n\t\t\t\t\t\t\t\t<\/div>\n\t\t\t\t\t\t<\/div>\n\t\t\t\t\t<\/li><li><div class=\"image\" aria-haspopup=\"true\"><img loading=\"lazy\" decoding=\"async\" width=\"180\" height=\"138\" src=\"https:\/\/metamindvisual.com\/blog\/wp-content\/uploads\/2015\/04\/cover4-180x138.jpg\" class=\"attachment-related-img size-related-img wp-post-image\" alt=\"\" data-wp-pid=\"4848\" \/><div class=\"image-extras\"><div class=\"image-extras-content\"><a style=\"display:inline-block;\" class=\"icon link-icon\" style=\"margin-right:3px;\" href=\"https:\/\/metamindvisual.com\/blog\/portfolio-items\/luip-event\/\">Permalink<\/a><a style=\"display:inline-block;\" class=\"icon gallery-icon\" href=\"https:\/\/metamindvisual.com\/blog\/wp-content\/uploads\/2015\/04\/cover4.jpg\" rel=\"prettyPhoto[gallery_recent_1]\">Gallery<\/a><h3 class=\"entry-title\">LUIP event<\/h3><\/div>\n\t\t\t\t\t\t\t\t<\/div>\n\t\t\t\t\t\t<\/div>\n\t\t\t\t\t<\/li><li><div class=\"image\" aria-haspopup=\"true\"><img loading=\"lazy\" decoding=\"async\" width=\"180\" height=\"138\" src=\"https:\/\/metamindvisual.com\/blog\/wp-content\/uploads\/2015\/04\/cover3-180x138.jpg\" class=\"attachment-related-img size-related-img wp-post-image\" alt=\"\" data-wp-pid=\"4840\" \/><div class=\"image-extras\"><div class=\"image-extras-content\"><a style=\"display:inline-block;\" class=\"icon link-icon\" style=\"margin-right:3px;\" href=\"https:\/\/metamindvisual.com\/blog\/portfolio-items\/impasse%e2%80%ac-2014\/\">Permalink<\/a><a style=\"display:inline-block;\" class=\"icon gallery-icon\" href=\"https:\/\/metamindvisual.com\/blog\/wp-content\/uploads\/2015\/04\/cover3.jpg\" rel=\"prettyPhoto[gallery_recent_1]\">Gallery<\/a><h3 class=\"entry-title\">IMPASSE\u202c &#8211; 2014<\/h3><\/div>\n\t\t\t\t\t\t\t\t<\/div>\n\t\t\t\t\t\t<\/div>\n\t\t\t\t\t<\/li><li><div class=\"image\" aria-haspopup=\"true\"><img loading=\"lazy\" decoding=\"async\" width=\"180\" height=\"138\" src=\"https:\/\/metamindvisual.com\/blog\/wp-content\/uploads\/2015\/04\/cover3-180x138.jpg\" class=\"attachment-related-img size-related-img wp-post-image\" alt=\"\" data-wp-pid=\"4840\" \/><div class=\"image-extras\"><div class=\"image-extras-content\"><a style=\"display:inline-block;\" class=\"icon link-icon\" style=\"margin-right:3px;\" href=\"https:\/\/metamindvisual.com\/blog\/portfolio-items\/impasse%e2%80%ac-2014-2\/\">Permalink<\/a><a style=\"display:inline-block;\" class=\"icon gallery-icon\" href=\"https:\/\/metamindvisual.com\/blog\/wp-content\/uploads\/2015\/04\/cover3.jpg\" rel=\"prettyPhoto[gallery_recent_1]\">Gallery<\/a><h3 class=\"entry-title\">IMPASSE\u202c &#8211; 2014<\/h3><\/div>\n\t\t\t\t\t\t\t\t<\/div>\n\t\t\t\t\t\t<\/div>\n\t\t\t\t\t<\/li><li><div class=\"image\" aria-haspopup=\"true\"><img loading=\"lazy\" decoding=\"async\" width=\"180\" height=\"138\" src=\"https:\/\/metamindvisual.com\/blog\/wp-content\/uploads\/2015\/04\/sire-cover-180x138.jpg\" class=\"attachment-related-img size-related-img wp-post-image\" alt=\"\" data-wp-pid=\"4818\" \/><div class=\"image-extras\"><div class=\"image-extras-content\"><a style=\"display:inline-block;\" class=\"icon link-icon\" style=\"margin-right:3px;\" href=\"https:\/\/metamindvisual.com\/blog\/portfolio-items\/zushi-media-art-festival\/\">Permalink<\/a><a style=\"display:inline-block;\" class=\"icon gallery-icon\" href=\"https:\/\/metamindvisual.com\/blog\/wp-content\/uploads\/2015\/04\/sire-cover.jpg\" rel=\"prettyPhoto[gallery_recent_1]\">Gallery<\/a><h3 class=\"entry-title\">Zushi Media Art Festival<\/h3><\/div>\n\t\t\t\t\t\t\t\t<\/div>\n\t\t\t\t\t\t<\/div>\n\t\t\t\t\t<\/li><li><div class=\"image\" aria-haspopup=\"true\"><img loading=\"lazy\" decoding=\"async\" width=\"180\" height=\"138\" src=\"https:\/\/metamindvisual.com\/blog\/wp-content\/uploads\/2015\/04\/sire-cover-180x138.jpg\" class=\"attachment-related-img size-related-img wp-post-image\" alt=\"\" data-wp-pid=\"4818\" \/><div class=\"image-extras\"><div class=\"image-extras-content\"><a style=\"display:inline-block;\" class=\"icon link-icon\" style=\"margin-right:3px;\" href=\"https:\/\/metamindvisual.com\/blog\/portfolio-items\/zushi-media-art-festival\/\">Permalink<\/a><a style=\"display:inline-block;\" class=\"icon gallery-icon\" href=\"https:\/\/metamindvisual.com\/blog\/wp-content\/uploads\/2015\/04\/sire-cover.jpg\" rel=\"prettyPhoto[gallery_recent_1]\">Gallery<\/a><h3 class=\"entry-title\">Zushi Media Art Festival<\/h3><\/div>\n\t\t\t\t\t\t\t\t<\/div>\n\t\t\t\t\t\t<\/div>\n\t\t\t\t\t<\/li><li><div class=\"image\" aria-haspopup=\"true\"><img loading=\"lazy\" decoding=\"async\" width=\"180\" height=\"138\" src=\"https:\/\/metamindvisual.com\/blog\/wp-content\/uploads\/2015\/04\/cover2-180x138.jpg\" class=\"attachment-related-img size-related-img wp-post-image\" alt=\"\" data-wp-pid=\"4813\" \/><div class=\"image-extras\"><div class=\"image-extras-content\"><a style=\"display:inline-block;\" class=\"icon link-icon\" style=\"margin-right:3px;\" href=\"https:\/\/metamindvisual.com\/blog\/portfolio-items\/casa-tomada\/\">Permalink<\/a><a style=\"display:inline-block;\" class=\"icon gallery-icon\" href=\"https:\/\/metamindvisual.com\/blog\/wp-content\/uploads\/2015\/04\/cover2.jpg\" rel=\"prettyPhoto[gallery_recent_1]\">Gallery<\/a><h3 class=\"entry-title\">Casa Tomada<\/h3><\/div>\n\t\t\t\t\t\t\t\t<\/div>\n\t\t\t\t\t\t<\/div>\n\t\t\t\t\t<\/li><li><div class=\"image\" aria-haspopup=\"true\"><img loading=\"lazy\" decoding=\"async\" width=\"180\" height=\"138\" src=\"https:\/\/metamindvisual.com\/blog\/wp-content\/uploads\/2015\/04\/cover2-180x138.jpg\" class=\"attachment-related-img size-related-img wp-post-image\" alt=\"\" data-wp-pid=\"4813\" \/><div class=\"image-extras\"><div class=\"image-extras-content\"><a style=\"display:inline-block;\" class=\"icon link-icon\" style=\"margin-right:3px;\" href=\"https:\/\/metamindvisual.com\/blog\/portfolio-items\/casa-tomada\/\">Permalink<\/a><a style=\"display:inline-block;\" class=\"icon gallery-icon\" href=\"https:\/\/metamindvisual.com\/blog\/wp-content\/uploads\/2015\/04\/cover2.jpg\" rel=\"prettyPhoto[gallery_recent_1]\">Gallery<\/a><h3 class=\"entry-title\">Casa Tomada<\/h3><\/div>\n\t\t\t\t\t\t\t\t<\/div>\n\t\t\t\t\t\t<\/div>\n\t\t\t\t\t<\/li><li><div class=\"image\" aria-haspopup=\"true\"><img loading=\"lazy\" decoding=\"async\" width=\"180\" height=\"138\" src=\"https:\/\/metamindvisual.com\/blog\/wp-content\/uploads\/2015\/04\/cover1-180x138.jpg\" class=\"attachment-related-img size-related-img wp-post-image\" alt=\"\" data-wp-pid=\"4798\" \/><div class=\"image-extras\"><div class=\"image-extras-content\"><a style=\"display:inline-block;\" class=\"icon link-icon\" style=\"margin-right:3px;\" href=\"https:\/\/metamindvisual.com\/blog\/portfolio-items\/the-conversation-2\/\">Permalink<\/a><a style=\"display:inline-block;\" class=\"icon gallery-icon\" href=\"https:\/\/metamindvisual.com\/blog\/wp-content\/uploads\/2015\/04\/cover1.jpg\" rel=\"prettyPhoto[gallery_recent_1]\">Gallery<\/a><h3 class=\"entry-title\">The Conversation<\/h3><\/div>\n\t\t\t\t\t\t\t\t<\/div>\n\t\t\t\t\t\t<\/div>\n\t\t\t\t\t<\/li><li><div class=\"image\" aria-haspopup=\"true\"><img loading=\"lazy\" decoding=\"async\" width=\"180\" height=\"138\" src=\"https:\/\/metamindvisual.com\/blog\/wp-content\/uploads\/2015\/04\/cover-180x138.jpg\" class=\"attachment-related-img size-related-img wp-post-image\" alt=\"\" data-wp-pid=\"4785\" \/><div class=\"image-extras\"><div class=\"image-extras-content\"><a style=\"display:inline-block;\" class=\"icon link-icon\" style=\"margin-right:3px;\" href=\"https:\/\/metamindvisual.com\/blog\/portfolio-items\/light-up-lehmbruk\/\">Permalink<\/a><a style=\"display:inline-block;\" class=\"icon gallery-icon\" href=\"https:\/\/metamindvisual.com\/blog\/wp-content\/uploads\/2015\/04\/cover.jpg\" rel=\"prettyPhoto[gallery_recent_1]\">Gallery<\/a><h3 class=\"entry-title\">Light Up Lehmbruk<\/h3><\/div>\n\t\t\t\t\t\t\t\t<\/div>\n\t\t\t\t\t\t<\/div>\n\t\t\t\t\t<\/li><\/ul>\n\t\t\t<\/div>\n\t\t\t<div class=\"es-nav\"><span class=\"es-nav-prev\">Previous<\/span><span class=\"es-nav-next\">Next<\/span><\/div>\n\t\t<\/div>\n\t<\/div>\n<div class=\"two_third\"> <div class=\"title\"><h2>+ Reciente del Blog<\/h2><div class=\"title-sep-container\"><div class=\"title-sep\"><\/div><\/div><\/div> <div class=\"avada-container\"><section class=\"columns columns-2\" style=\"width:100%\"><div class=\"holder\"><article class=\"col\"><div class=\"flexslider floated-post-slideshow\"><ul class=\"slides\"><li>\n\t\t\t\t\t<a href=\"https:\/\/metamindvisual.com\/blog\/not-even-a-blink\/\" rel=\"\"><img decoding=\"async\" src=\"https:\/\/metamindvisual.com\/blog\/wp-content\/uploads\/2014\/09\/Blinkcover-700x441.jpg\" alt=\"Not even a blink\" \/><\/a>\n\t\t\t\t<\/li><\/ul>\n\t\t<\/div><h4><a href=\"https:\/\/metamindvisual.com\/blog\/not-even-a-blink\/\">Not even a blink<\/a><\/h4><ul class=\"meta\"><li><em class=\"date\">September 10th, 2014<\/em><\/li><\/ul><p><div class=\"excerpt-container\"><p>Fortunately we\u2019ve been very busy the last 3 months, however this hasn\u2019t allowed us [&#8230;]<\/p>\n<\/div><\/p><\/article><article class=\"col\"><div class=\"flexslider floated-post-slideshow\"><ul class=\"slides\"><li>\n\t\t\t\t\t<a href=\"https:\/\/metamindvisual.com\/blog\/sin-derecho-pestanear\/\" rel=\"\"><img decoding=\"async\" src=\"https:\/\/metamindvisual.com\/blog\/wp-content\/uploads\/2014\/09\/Blinkcover-700x441.jpg\" alt=\"Sin derecho a pesta\u00f1ear\" \/><\/a>\n\t\t\t\t<\/li><\/ul>\n\t\t<\/div><h4><a href=\"https:\/\/metamindvisual.com\/blog\/sin-derecho-pestanear\/\">Sin derecho a pesta\u00f1ear<\/a><\/h4><ul class=\"meta\"><li><em class=\"date\">September 10th, 2014<\/em><\/li><\/ul><p><div class=\"excerpt-container\"><p>Afortunadamente estos \u00faltimos 3 meses hemos tenido una carga de trabajo que nos ha [&#8230;]<\/p>\n<\/div><\/p><\/article><\/div><\/section><\/div> <\/div>\n<div class=\"one_third last\"> <div class=\"title\"><h2>Feedback<\/h2><div class=\"title-sep-container\"><div class=\"title-sep\"><\/div><\/div><\/div> <style type='text\/css'>\n\t\t#testimonials-1 q{background-color:#3e3e3e !important;color:#aaa9a9 !important;}\n\t\t#testimonials-1 .review blockquote div:after{border-top-color:#3e3e3e !important;}\n\t\t<\/style>\n\t\t<div id=\"testimonials-1\" class=\"reviews clearfix\"> <div class=\"review male\"><blockquote><q>Trabajar con Diego y Abraham es siempre un enorme placer. Ellos traen un esp\u00edritu de trabajo entusiasta, creativo, pero fresco y tranquilo con los que mantienen a cualquier equipo en equilibrio. Uno siempre sabe si uno se encuentra con personas afines y sin duda ellos lo son! Esperamos contar con muchas m\u00e1s colaboraciones alrededor el mundo.<\/q><div class=\"clearfix\"><span class=\"company-name\"><strong>Theo Lorenz<\/strong>,<span> Director of the Interprofessional Studio at the Architectural Association - London<\/span><\/span><\/div><\/blockquote><\/div> <\/div> <\/div><div class=\"clearboth\"><\/div>\n<div class=\"demo-sep sep-none\" style=\"margin-top:30px;\"><\/div>\n<style type='text\/css'>#reading-box-container-1 .tagline-shadow:before,#reading-box-container-1 .tagline-shadow:after{opacity:0.7;}<\/style><div class=\"reading-box-container clearfix\" id=\"reading-box-container-1\"><section class=\"reading-box \" style=\"background-color:#3e3e3e !important;border-width:0px;border-color:#3e3e3e!important;border-left-width:3px !important;border-left-color:#a123f5!important;border-style:solid;\"><a href=\"https:\/\/www.metamindvisual.com\/blog\/contacto-2\/\" target=\"_self\" class=\"continue button large default\">Cont\u00e1ctenos!<\/a><h2>Queremos escuchar sus ideas!<\/h2><a href=\"https:\/\/www.metamindvisual.com\/blog\/contacto-2\/\" target=\"_self\" class=\"continue mobile-button button large default\">Cont\u00e1ctenos!<\/a><\/section><\/div>\n","protected":false},"excerpt":{"rendered":"","protected":false},"author":1,"featured_media":0,"parent":0,"menu_order":0,"comment_status":"open","ping_status":"closed","template":"full-width.php","meta":{"footnotes":""},"class_list":["post-2398","page","type-page","status-publish","hentry"],"yoast_head":"<!-- This site is optimized with the Yoast SEO plugin v22.7 - https:\/\/yoast.com\/wordpress\/plugins\/seo\/ -->\n<title>Metamind Visual Video mapping, espacios interactivos, visual branding<\/title>\n<meta name=\"description\" content=\"Nos especializamos en live visual performance, video mapping, instalaciones interactivas, motion graphics, visual branding y direcci\u00f3n creativa.\" \/>\n<meta name=\"robots\" content=\"index, follow, max-snippet:-1, max-image-preview:large, max-video-preview:-1\" \/>\n<link rel=\"canonical\" href=\"https:\/\/metamindvisual.com\/blog\/\" \/>\n<meta name=\"twitter:label1\" content=\"Est. reading time\" \/>\n\t<meta name=\"twitter:data1\" content=\"2 minutes\" \/>\n<script type=\"application\/ld+json\" class=\"yoast-schema-graph\">{\"@context\":\"https:\/\/schema.org\",\"@graph\":[{\"@type\":\"WebPage\",\"@id\":\"https:\/\/metamindvisual.com\/blog\/\",\"url\":\"https:\/\/metamindvisual.com\/blog\/\",\"name\":\"Metamind Visual Video mapping, espacios interactivos, visual branding\",\"isPartOf\":{\"@id\":\"https:\/\/metamindvisual.com\/blog\/#website\"},\"datePublished\":\"2012-12-04T17:53:50+00:00\",\"dateModified\":\"2015-05-07T21:03:11+00:00\",\"description\":\"Nos especializamos en live visual performance, video mapping, instalaciones interactivas, motion graphics, visual branding y direcci\u00f3n creativa.\",\"breadcrumb\":{\"@id\":\"https:\/\/metamindvisual.com\/blog\/#breadcrumb\"},\"inLanguage\":\"en-US\",\"potentialAction\":[{\"@type\":\"ReadAction\",\"target\":[\"https:\/\/metamindvisual.com\/blog\/\"]}]},{\"@type\":\"BreadcrumbList\",\"@id\":\"https:\/\/metamindvisual.com\/blog\/#breadcrumb\",\"itemListElement\":[{\"@type\":\"ListItem\",\"position\":1,\"name\":\"Portada\",\"item\":\"https:\/\/metamindvisual.com\/blog\/\"},{\"@type\":\"ListItem\",\"position\":2,\"name\":\"Home\"}]},{\"@type\":\"WebSite\",\"@id\":\"https:\/\/metamindvisual.com\/blog\/#website\",\"url\":\"https:\/\/metamindvisual.com\/blog\/\",\"name\":\"Metamind Visual\",\"description\":\"Ingenier\u00eda visual de alto impacto\",\"potentialAction\":[{\"@type\":\"SearchAction\",\"target\":{\"@type\":\"EntryPoint\",\"urlTemplate\":\"https:\/\/metamindvisual.com\/blog\/?s={search_term_string}\"},\"query-input\":\"required name=search_term_string\"}],\"inLanguage\":\"en-US\"}]}<\/script>\n<!-- \/ Yoast SEO plugin. -->","yoast_head_json":{"title":"Metamind Visual Video mapping, espacios interactivos, visual branding","description":"Nos especializamos en live visual performance, video mapping, instalaciones interactivas, motion graphics, visual branding y direcci\u00f3n creativa.","robots":{"index":"index","follow":"follow","max-snippet":"max-snippet:-1","max-image-preview":"max-image-preview:large","max-video-preview":"max-video-preview:-1"},"canonical":"https:\/\/metamindvisual.com\/blog\/","twitter_misc":{"Est. reading time":"2 minutes"},"schema":{"@context":"https:\/\/schema.org","@graph":[{"@type":"WebPage","@id":"https:\/\/metamindvisual.com\/blog\/","url":"https:\/\/metamindvisual.com\/blog\/","name":"Metamind Visual Video mapping, espacios interactivos, visual branding","isPartOf":{"@id":"https:\/\/metamindvisual.com\/blog\/#website"},"datePublished":"2012-12-04T17:53:50+00:00","dateModified":"2015-05-07T21:03:11+00:00","description":"Nos especializamos en live visual performance, video mapping, instalaciones interactivas, motion graphics, visual branding y direcci\u00f3n creativa.","breadcrumb":{"@id":"https:\/\/metamindvisual.com\/blog\/#breadcrumb"},"inLanguage":"en-US","potentialAction":[{"@type":"ReadAction","target":["https:\/\/metamindvisual.com\/blog\/"]}]},{"@type":"BreadcrumbList","@id":"https:\/\/metamindvisual.com\/blog\/#breadcrumb","itemListElement":[{"@type":"ListItem","position":1,"name":"Portada","item":"https:\/\/metamindvisual.com\/blog\/"},{"@type":"ListItem","position":2,"name":"Home"}]},{"@type":"WebSite","@id":"https:\/\/metamindvisual.com\/blog\/#website","url":"https:\/\/metamindvisual.com\/blog\/","name":"Metamind Visual","description":"Ingenier\u00eda visual de alto impacto","potentialAction":[{"@type":"SearchAction","target":{"@type":"EntryPoint","urlTemplate":"https:\/\/metamindvisual.com\/blog\/?s={search_term_string}"},"query-input":"required name=search_term_string"}],"inLanguage":"en-US"}]}},"_links":{"self":[{"href":"https:\/\/metamindvisual.com\/blog\/wp-json\/wp\/v2\/pages\/2398","targetHints":{"allow":["GET"]}}],"collection":[{"href":"https:\/\/metamindvisual.com\/blog\/wp-json\/wp\/v2\/pages"}],"about":[{"href":"https:\/\/metamindvisual.com\/blog\/wp-json\/wp\/v2\/types\/page"}],"author":[{"embeddable":true,"href":"https:\/\/metamindvisual.com\/blog\/wp-json\/wp\/v2\/users\/1"}],"replies":[{"embeddable":true,"href":"https:\/\/metamindvisual.com\/blog\/wp-json\/wp\/v2\/comments?post=2398"}],"version-history":[{"count":63,"href":"https:\/\/metamindvisual.com\/blog\/wp-json\/wp\/v2\/pages\/2398\/revisions"}],"predecessor-version":[{"id":4866,"href":"https:\/\/metamindvisual.com\/blog\/wp-json\/wp\/v2\/pages\/2398\/revisions\/4866"}],"wp:attachment":[{"href":"https:\/\/metamindvisual.com\/blog\/wp-json\/wp\/v2\/media?parent=2398"}],"curies":[{"name":"wp","href":"https:\/\/api.w.org\/{rel}","templated":true}]}}