{"id":2776,"date":"2013-01-21T19:10:06","date_gmt":"2013-01-21T19:10:06","guid":{"rendered":"http:\/\/theme-fusion.com\/avada\/?page_id=2776"},"modified":"2019-05-24T23:52:16","modified_gmt":"2019-05-25T05:52:16","slug":"nosotros","status":"publish","type":"page","link":"https:\/\/metamindvisual.com\/blog\/nosotros\/","title":{"rendered":"Nosotros"},"content":{"rendered":"<div class=\"two_third\">\n<div class=\"title\"><h2>Metamind Visual<\/h2><div class=\"title-sep-container\"><div class=\"title-sep\"><\/div><\/div><\/div>\n<p style=\"text-align: justify;\">Somos una divisi\u00f3n de la empresa Metamind Creativo y nos especializamos en ingenier\u00eda visual para la creaci\u00f3n de experiencias que generen comunicaci\u00f3n de alto impacto. Esto implica un alto apoyo en tecnolog\u00eda, innovaci\u00f3n, investigaci\u00f3n, dise\u00f1o, sistemas multimedia, sensibilidad art\u00edstica y desarrollo creativo.<\/p>\n<p style=\"text-align: justify;\">Contamos con m\u00e1s de 11 a\u00f1os de experiencia en el medio nacional, as\u00ed como trabajos a nivel internacional desarrollados en Estados Unidos, M\u00e9xico, Italia, Espa\u00f1a, Holanda, Alemania e Inglaterra. Nuestro campo de acci\u00f3n comprende eventos tanto comerciales como culturales, en donde el proceso creativo se pone al servicio de nuestros clientes para desarrollar soluciones flexibles, que al mismo tiempo se adecuen a los recursos disponibles y a el resultado final esperado.<br \/>\n<\/div>\n<div class=\"one_third last\">\n<div class=\"title\"><h2>Metamind Creativo<\/h2><div class=\"title-sep-container\"><div class=\"title-sep\"><\/div><\/div><\/div>\n<div class=\"accordian\">\n<h5 class=\"toggle \"><a href=\"#\"><span class=\"arrow\"><\/span>Misi\u00f3n<\/a><\/h5><div class=\"toggle-content \" style=\"display: none;\">Ser una agencia de Valor Agregado Digital caracterizada por la innovaci\u00f3n y vanguardia tecnol\u00f3gica, que nos permita ser un socio estrat\u00e9gico para el crecimiento y fortalecimiento a nivel de imagen y marca de otras empresas. Comprometidos con brindar soluciones bajo el principio \u201cstate of the art\u201d.<\/div>\n<h5 class=\"toggle \"><a href=\"#\"><span class=\"arrow\"><\/span>Visi\u00f3n<\/a><\/h5><div class=\"toggle-content \" style=\"display: none;\">Posicionarnos en el Top of Mind de nuestros clientes como un facilitador estrat\u00e9gico de crecimiento en tecnolog\u00eda, comunicaci\u00f3n e innovaci\u00f3n, que represente un valor agregado exclusivo.<\/div>\n<h5 class=\"toggle \"><a href=\"#\"><span class=\"arrow\"><\/span>Estructura<\/a><\/h5><div class=\"toggle-content \" style=\"display: none;\">Metamind Creativo se integra a partir de 4 divisiones: Metamind Visual, Metamercadeo, Metatech y Metamind Labs.<\/div>\n<\/div>\n<\/div><div class=\"clearboth\"><\/div>\n<div class=\"demo-sep sep-none\" style=\"margin-top:10px;\"><\/div>\n<div class=\"title\"><h2>El equipo responsable<\/h2><div class=\"title-sep-container\"><div class=\"title-sep\"><\/div><\/div><\/div>\n<div class=\"one_third\">\n<div class=\"person\"><img decoding=\"async\" class=\"person-img\" src=\"https:\/\/www.metamindvisual.com\/blog\/wp-content\/uploads\/2013\/12\/Diego.jpg\" alt=\"Diego Esquivel\" \/><div class=\"person-desc\"><div class=\"person-author person-author-light clearfix\"><div class=\"person-author-wrapper\"><span class=\"person-name\">Diego Esquivel<\/span><span class=\"person-title\">Director de divisi\u00f3n<\/span><\/div><span class=\"social-icon\"><a href=\"https:\/\/www.facebook.com\/diegoesquivel80\" target=\"\" class=\"facebook\">Facebook<\/a><div class=\"popup\">\n\t\t\t\t\t\t<div class=\"holder\">\n\t\t\t\t\t\t\t<p>Facebook<\/p>\n\t\t\t\t\t\t<\/div>\n\t\t\t\t\t<\/div><\/span><span class=\"social-icon\"><a href=\"https:\/\/twitter.com\/metamindvisual\" target=\"\" class=\"twitter\">Twitter<\/a><div class=\"popup\">\n\t\t\t\t\t\t<div class=\"holder\">\n\t\t\t\t\t\t\t<p>Twitter<\/p>\n\t\t\t\t\t\t<\/div>\n\t\t\t\t\t<\/div><\/span><span class=\"social-icon\"><a href=\"http:\/\/www.linkedin.com\/profile\/view?id=103117840&amp;trk=nav_responsive_tab_profile\" target=\"\" class=\"linkedin\">LinkedIn<\/a><div class=\"popup\">\n\t\t\t\t\t\t<div class=\"holder\">\n\t\t\t\t\t\t\t<p>LinkedIn<\/p>\n\t\t\t\t\t\t<\/div>\n\t\t\t\t\t<\/div><\/span><div class=\"clear\"><\/div><\/div><div class=\"person-content\"><\/div><\/div><\/div>\n<\/div>\n<div class=\"one_third\">\n<div class=\"person\"><img decoding=\"async\" class=\"person-img\" src=\"https:\/\/www.metamindvisual.com\/blog\/wp-content\/uploads\/2013\/12\/Abraham.jpg\" alt=\"Abraham Soria\" \/><div class=\"person-desc\"><div class=\"person-author person-author-light clearfix\"><div class=\"person-author-wrapper\"><span class=\"person-name\">Abraham Soria<\/span><span class=\"person-title\">Gerencia ejecutiva<\/span><\/div><span class=\"social-icon\"><a href=\"https:\/\/www.facebook.com\/abraham.soria.927\" target=\"\" class=\"facebook\">Facebook<\/a><div class=\"popup\">\n\t\t\t\t\t\t<div class=\"holder\">\n\t\t\t\t\t\t\t<p>Facebook<\/p>\n\t\t\t\t\t\t<\/div>\n\t\t\t\t\t<\/div><\/span><span class=\"social-icon\"><a href=\"https:\/\/twitter.com\/metamindcr\" target=\"\" class=\"twitter\">Twitter<\/a><div class=\"popup\">\n\t\t\t\t\t\t<div class=\"holder\">\n\t\t\t\t\t\t\t<p>Twitter<\/p>\n\t\t\t\t\t\t<\/div>\n\t\t\t\t\t<\/div><\/span><span class=\"social-icon\"><a href=\"http:\/\/www.linkedin.com\/profile\/view?id=130445114&amp;locale=en_US&amp;trk=tyah&amp;trkInfo=tas%3Aabraham%20so%2Cidx%3A1-1-1\" target=\"\" class=\"linkedin\">LinkedIn<\/a><div class=\"popup\">\n\t\t\t\t\t\t<div class=\"holder\">\n\t\t\t\t\t\t\t<p>LinkedIn<\/p>\n\t\t\t\t\t\t<\/div>\n\t\t\t\t\t<\/div><\/span><div class=\"clear\"><\/div><\/div><div class=\"person-content\"><\/div><\/div><\/div>\n<\/div>\n<div class=\"demo-sep sep-none\" style=\"margin-top:30px;\"><\/div>\n<p><!--[title size=\"2\"]Nuestros clientes[\/title]\n[clients][client link=\"#\" image=\"http:\/\/theme-fusion.com\/avadaxml\/wp-content\/uploads\/2013\/02\/image_6.jpg\"][client link=\"#\" image=\"http:\/\/theme-fusion.com\/avadaxml\/wp-content\/uploads\/2013\/02\/image_6.jpg\"][client link=\"#\" image=\"http:\/\/theme-fusion.com\/avadaxml\/wp-content\/uploads\/2013\/02\/image_6.jpg\"][client link=\"#\" image=\"http:\/\/theme-fusion.com\/avadaxml\/wp-content\/uploads\/2013\/02\/image_6.jpg\"][client link=\"#3\" image=\"http:\/\/theme-fusion.com\/avadaxml\/wp-content\/uploads\/2013\/02\/image_6.jpg\"][client link=\"#\" image=\"http:\/\/theme-fusion.com\/avadaxml\/wp-content\/uploads\/2013\/02\/image_6.jpg\"][client link=\"#\" image=\"http:\/\/theme-fusion.com\/avadaxml\/wp-content\/uploads\/2013\/02\/image_6.jpg\"][client link=\"#\" image=\"http:\/\/theme-fusion.com\/avadaxml\/wp-content\/uploads\/2013\/02\/image_6.jpg\"][client link=\"#\" image=\"http:\/\/theme-fusion.com\/avadaxml\/wp-content\/uploads\/2013\/02\/image_6.jpg\"][client link=\"#3\" image=\"http:\/\/theme-fusion.com\/avadaxml\/wp-content\/uploads\/2013\/02\/image_6.jpg\"][\/clients]--><\/p>\n","protected":false},"excerpt":{"rendered":"","protected":false},"author":1,"featured_media":0,"parent":0,"menu_order":0,"comment_status":"open","ping_status":"closed","template":"full-width.php","meta":{"footnotes":""},"class_list":["post-2776","page","type-page","status-publish","hentry"],"yoast_head":"<!-- This site is optimized with the Yoast SEO plugin v22.7 - https:\/\/yoast.com\/wordpress\/plugins\/seo\/ -->\n<title>Nosotros en Metamind Visual - divisi\u00f3n de Metamind Creativo<\/title>\n<meta name=\"description\" content=\"Divisi\u00f3n de la empresa Metamind Creativo y nos especializamos en ingenier\u00eda visual de experiencias en comunicaci\u00f3n de alto impacto. Multimedia\" \/>\n<meta name=\"robots\" content=\"index, follow, max-snippet:-1, max-image-preview:large, max-video-preview:-1\" \/>\n<link rel=\"canonical\" href=\"https:\/\/metamindvisual.com\/blog\/nosotros\/\" \/>\n<meta name=\"twitter:label1\" content=\"Est. reading time\" \/>\n\t<meta name=\"twitter:data1\" content=\"2 minutes\" \/>\n<script type=\"application\/ld+json\" class=\"yoast-schema-graph\">{\"@context\":\"https:\/\/schema.org\",\"@graph\":[{\"@type\":\"WebPage\",\"@id\":\"https:\/\/metamindvisual.com\/blog\/nosotros\/\",\"url\":\"https:\/\/metamindvisual.com\/blog\/nosotros\/\",\"name\":\"Nosotros en Metamind Visual - divisi\u00f3n de Metamind Creativo\",\"isPartOf\":{\"@id\":\"https:\/\/metamindvisual.com\/blog\/#website\"},\"datePublished\":\"2013-01-21T19:10:06+00:00\",\"dateModified\":\"2019-05-25T05:52:16+00:00\",\"description\":\"Divisi\u00f3n de la empresa Metamind Creativo y nos especializamos en ingenier\u00eda visual de experiencias en comunicaci\u00f3n de alto impacto. Multimedia\",\"breadcrumb\":{\"@id\":\"https:\/\/metamindvisual.com\/blog\/nosotros\/#breadcrumb\"},\"inLanguage\":\"en-US\",\"potentialAction\":[{\"@type\":\"ReadAction\",\"target\":[\"https:\/\/metamindvisual.com\/blog\/nosotros\/\"]}]},{\"@type\":\"BreadcrumbList\",\"@id\":\"https:\/\/metamindvisual.com\/blog\/nosotros\/#breadcrumb\",\"itemListElement\":[{\"@type\":\"ListItem\",\"position\":1,\"name\":\"Portada\",\"item\":\"https:\/\/metamindvisual.com\/blog\/\"},{\"@type\":\"ListItem\",\"position\":2,\"name\":\"Nosotros\"}]},{\"@type\":\"WebSite\",\"@id\":\"https:\/\/metamindvisual.com\/blog\/#website\",\"url\":\"https:\/\/metamindvisual.com\/blog\/\",\"name\":\"Metamind Visual\",\"description\":\"Ingenier\u00eda visual de alto impacto\",\"potentialAction\":[{\"@type\":\"SearchAction\",\"target\":{\"@type\":\"EntryPoint\",\"urlTemplate\":\"https:\/\/metamindvisual.com\/blog\/?s={search_term_string}\"},\"query-input\":\"required name=search_term_string\"}],\"inLanguage\":\"en-US\"}]}<\/script>\n<!-- \/ Yoast SEO plugin. -->","yoast_head_json":{"title":"Nosotros en Metamind Visual - divisi\u00f3n de Metamind Creativo","description":"Divisi\u00f3n de la empresa Metamind Creativo y nos especializamos en ingenier\u00eda visual de experiencias en comunicaci\u00f3n de alto impacto. Multimedia","robots":{"index":"index","follow":"follow","max-snippet":"max-snippet:-1","max-image-preview":"max-image-preview:large","max-video-preview":"max-video-preview:-1"},"canonical":"https:\/\/metamindvisual.com\/blog\/nosotros\/","twitter_misc":{"Est. reading time":"2 minutes"},"schema":{"@context":"https:\/\/schema.org","@graph":[{"@type":"WebPage","@id":"https:\/\/metamindvisual.com\/blog\/nosotros\/","url":"https:\/\/metamindvisual.com\/blog\/nosotros\/","name":"Nosotros en Metamind Visual - divisi\u00f3n de Metamind Creativo","isPartOf":{"@id":"https:\/\/metamindvisual.com\/blog\/#website"},"datePublished":"2013-01-21T19:10:06+00:00","dateModified":"2019-05-25T05:52:16+00:00","description":"Divisi\u00f3n de la empresa Metamind Creativo y nos especializamos en ingenier\u00eda visual de experiencias en comunicaci\u00f3n de alto impacto. Multimedia","breadcrumb":{"@id":"https:\/\/metamindvisual.com\/blog\/nosotros\/#breadcrumb"},"inLanguage":"en-US","potentialAction":[{"@type":"ReadAction","target":["https:\/\/metamindvisual.com\/blog\/nosotros\/"]}]},{"@type":"BreadcrumbList","@id":"https:\/\/metamindvisual.com\/blog\/nosotros\/#breadcrumb","itemListElement":[{"@type":"ListItem","position":1,"name":"Portada","item":"https:\/\/metamindvisual.com\/blog\/"},{"@type":"ListItem","position":2,"name":"Nosotros"}]},{"@type":"WebSite","@id":"https:\/\/metamindvisual.com\/blog\/#website","url":"https:\/\/metamindvisual.com\/blog\/","name":"Metamind Visual","description":"Ingenier\u00eda visual de alto impacto","potentialAction":[{"@type":"SearchAction","target":{"@type":"EntryPoint","urlTemplate":"https:\/\/metamindvisual.com\/blog\/?s={search_term_string}"},"query-input":"required name=search_term_string"}],"inLanguage":"en-US"}]}},"_links":{"self":[{"href":"https:\/\/metamindvisual.com\/blog\/wp-json\/wp\/v2\/pages\/2776","targetHints":{"allow":["GET"]}}],"collection":[{"href":"https:\/\/metamindvisual.com\/blog\/wp-json\/wp\/v2\/pages"}],"about":[{"href":"https:\/\/metamindvisual.com\/blog\/wp-json\/wp\/v2\/types\/page"}],"author":[{"embeddable":true,"href":"https:\/\/metamindvisual.com\/blog\/wp-json\/wp\/v2\/users\/1"}],"replies":[{"embeddable":true,"href":"https:\/\/metamindvisual.com\/blog\/wp-json\/wp\/v2\/comments?post=2776"}],"version-history":[{"count":40,"href":"https:\/\/metamindvisual.com\/blog\/wp-json\/wp\/v2\/pages\/2776\/revisions"}],"predecessor-version":[{"id":4906,"href":"https:\/\/metamindvisual.com\/blog\/wp-json\/wp\/v2\/pages\/2776\/revisions\/4906"}],"wp:attachment":[{"href":"https:\/\/metamindvisual.com\/blog\/wp-json\/wp\/v2\/media?parent=2776"}],"curies":[{"name":"wp","href":"https:\/\/api.w.org\/{rel}","templated":true}]}}