{"id":4547,"date":"2014-02-03T20:40:30","date_gmt":"2014-02-04T02:40:30","guid":{"rendered":"https:\/\/www.metamindvisual.com\/blog\/?page_id=4547"},"modified":"2014-02-17T03:18:40","modified_gmt":"2014-02-17T09:18:40","slug":"contacto-2","status":"publish","type":"page","link":"https:\/\/metamindvisual.com\/blog\/contacto-2\/","title":{"rendered":"Contacto"},"content":{"rendered":"<div class=\"title\"><h2>Queremos escuchar sus ideas!<\/h2><div class=\"title-sep-container\"><div class=\"title-sep\"><\/div><\/div><\/div>\nComplete el siguiente formulario con su informaci\u00f3n y los detalles del proyecto que le gustar\u00eda llevar a cabo con nosotros. Nos comunicaremos de vuelta tan pronto nos sea posible, gracias por estar en contacto.<\/p>\n","protected":false},"excerpt":{"rendered":"<p>Complete el siguiente formulario con su informaci\u00f3n y los detalles del proyecto que le gustar\u00eda llevar a cabo con nosotros. Nos comunicaremos de vuelta tan pronto nos sea posible, gracias por estar en contacto.<\/p>\n","protected":false},"author":1,"featured_media":0,"parent":0,"menu_order":0,"comment_status":"open","ping_status":"open","template":"contact.php","meta":{"footnotes":""},"class_list":["post-4547","page","type-page","status-publish","hentry"],"yoast_head":"<!-- This site is optimized with the Yoast SEO plugin v22.7 - https:\/\/yoast.com\/wordpress\/plugins\/seo\/ -->\n<title>Contacto - Metamind Visual - escr\u00edbanos para conocer de su proyecto<\/title>\n<meta name=\"description\" content=\"Complete el siguiente formulario con su informaci\u00f3n y los detalles del proyecto que le gustar\u00eda llevar a cabo con nosotros.\" \/>\n<meta name=\"robots\" content=\"index, follow, max-snippet:-1, max-image-preview:large, max-video-preview:-1\" \/>\n<link rel=\"canonical\" href=\"https:\/\/metamindvisual.com\/blog\/contacto-2\/\" \/>\n<script type=\"application\/ld+json\" class=\"yoast-schema-graph\">{\"@context\":\"https:\/\/schema.org\",\"@graph\":[{\"@type\":\"WebPage\",\"@id\":\"https:\/\/metamindvisual.com\/blog\/contacto-2\/\",\"url\":\"https:\/\/metamindvisual.com\/blog\/contacto-2\/\",\"name\":\"Contacto - Metamind Visual - escr\u00edbanos para conocer de su proyecto\",\"isPartOf\":{\"@id\":\"https:\/\/metamindvisual.com\/blog\/#website\"},\"datePublished\":\"2014-02-04T02:40:30+00:00\",\"dateModified\":\"2014-02-17T09:18:40+00:00\",\"description\":\"Complete el siguiente formulario con su informaci\u00f3n y los detalles del proyecto que le gustar\u00eda llevar a cabo con nosotros.\",\"breadcrumb\":{\"@id\":\"https:\/\/metamindvisual.com\/blog\/contacto-2\/#breadcrumb\"},\"inLanguage\":\"en-US\",\"potentialAction\":[{\"@type\":\"ReadAction\",\"target\":[\"https:\/\/metamindvisual.com\/blog\/contacto-2\/\"]}]},{\"@type\":\"BreadcrumbList\",\"@id\":\"https:\/\/metamindvisual.com\/blog\/contacto-2\/#breadcrumb\",\"itemListElement\":[{\"@type\":\"ListItem\",\"position\":1,\"name\":\"Portada\",\"item\":\"https:\/\/metamindvisual.com\/blog\/\"},{\"@type\":\"ListItem\",\"position\":2,\"name\":\"Contacto\"}]},{\"@type\":\"WebSite\",\"@id\":\"https:\/\/metamindvisual.com\/blog\/#website\",\"url\":\"https:\/\/metamindvisual.com\/blog\/\",\"name\":\"Metamind Visual\",\"description\":\"Ingenier\u00eda visual de alto impacto\",\"potentialAction\":[{\"@type\":\"SearchAction\",\"target\":{\"@type\":\"EntryPoint\",\"urlTemplate\":\"https:\/\/metamindvisual.com\/blog\/?s={search_term_string}\"},\"query-input\":\"required name=search_term_string\"}],\"inLanguage\":\"en-US\"}]}<\/script>\n<!-- \/ Yoast SEO plugin. -->","yoast_head_json":{"title":"Contacto - Metamind Visual - escr\u00edbanos para conocer de su proyecto","description":"Complete el siguiente formulario con su informaci\u00f3n y los detalles del proyecto que le gustar\u00eda llevar a cabo con nosotros.","robots":{"index":"index","follow":"follow","max-snippet":"max-snippet:-1","max-image-preview":"max-image-preview:large","max-video-preview":"max-video-preview:-1"},"canonical":"https:\/\/metamindvisual.com\/blog\/contacto-2\/","schema":{"@context":"https:\/\/schema.org","@graph":[{"@type":"WebPage","@id":"https:\/\/metamindvisual.com\/blog\/contacto-2\/","url":"https:\/\/metamindvisual.com\/blog\/contacto-2\/","name":"Contacto - Metamind Visual - escr\u00edbanos para conocer de su proyecto","isPartOf":{"@id":"https:\/\/metamindvisual.com\/blog\/#website"},"datePublished":"2014-02-04T02:40:30+00:00","dateModified":"2014-02-17T09:18:40+00:00","description":"Complete el siguiente formulario con su informaci\u00f3n y los detalles del proyecto que le gustar\u00eda llevar a cabo con nosotros.","breadcrumb":{"@id":"https:\/\/metamindvisual.com\/blog\/contacto-2\/#breadcrumb"},"inLanguage":"en-US","potentialAction":[{"@type":"ReadAction","target":["https:\/\/metamindvisual.com\/blog\/contacto-2\/"]}]},{"@type":"BreadcrumbList","@id":"https:\/\/metamindvisual.com\/blog\/contacto-2\/#breadcrumb","itemListElement":[{"@type":"ListItem","position":1,"name":"Portada","item":"https:\/\/metamindvisual.com\/blog\/"},{"@type":"ListItem","position":2,"name":"Contacto"}]},{"@type":"WebSite","@id":"https:\/\/metamindvisual.com\/blog\/#website","url":"https:\/\/metamindvisual.com\/blog\/","name":"Metamind Visual","description":"Ingenier\u00eda visual de alto impacto","potentialAction":[{"@type":"SearchAction","target":{"@type":"EntryPoint","urlTemplate":"https:\/\/metamindvisual.com\/blog\/?s={search_term_string}"},"query-input":"required name=search_term_string"}],"inLanguage":"en-US"}]}},"_links":{"self":[{"href":"https:\/\/metamindvisual.com\/blog\/wp-json\/wp\/v2\/pages\/4547","targetHints":{"allow":["GET"]}}],"collection":[{"href":"https:\/\/metamindvisual.com\/blog\/wp-json\/wp\/v2\/pages"}],"about":[{"href":"https:\/\/metamindvisual.com\/blog\/wp-json\/wp\/v2\/types\/page"}],"author":[{"embeddable":true,"href":"https:\/\/metamindvisual.com\/blog\/wp-json\/wp\/v2\/users\/1"}],"replies":[{"embeddable":true,"href":"https:\/\/metamindvisual.com\/blog\/wp-json\/wp\/v2\/comments?post=4547"}],"version-history":[{"count":2,"href":"https:\/\/metamindvisual.com\/blog\/wp-json\/wp\/v2\/pages\/4547\/revisions"}],"predecessor-version":[{"id":4564,"href":"https:\/\/metamindvisual.com\/blog\/wp-json\/wp\/v2\/pages\/4547\/revisions\/4564"}],"wp:attachment":[{"href":"https:\/\/metamindvisual.com\/blog\/wp-json\/wp\/v2\/media?parent=4547"}],"curies":[{"name":"wp","href":"https:\/\/api.w.org\/{rel}","templated":true}]}}